{"id":21,"date":"2026-05-14T00:35:43","date_gmt":"2026-05-14T03:35:43","guid":{"rendered":"https:\/\/osteopatianavia.com\/index.php\/inicio\/"},"modified":"2026-05-14T01:07:51","modified_gmt":"2026-05-14T04:07:51","slug":"inicio","status":"publish","type":"page","link":"https:\/\/osteopatianavia.com\/","title":{"rendered":"Inicio"},"content":{"rendered":"\t\t<div data-elementor-type=\"wp-page\" data-elementor-id=\"21\" class=\"elementor elementor-21\">\n\t\t\t\t\t\t<section class=\"elementor-section elementor-top-section elementor-element elementor-element-sc89209 elementor-section-boxed elementor-section-height-default elementor-section-height-default\" data-id=\"sc89209\" data-element_type=\"section\" data-e-type=\"section\" data-settings=\"{&quot;background_background&quot;:&quot;classic&quot;}\">\n\t\t\t\t\t\t<div class=\"elementor-container elementor-column-gap-default\">\n\t\t\t\t\t<div class=\"elementor-column elementor-col-55 elementor-top-column elementor-element elementor-element-cf5caa1\" data-id=\"cf5caa1\" data-element_type=\"column\" data-e-type=\"column\">\n\t\t\t<div class=\"elementor-widget-wrap elementor-element-populated\">\n\t\t\t\t\t\t<div class=\"elementor-element elementor-element-t3e8607 navia-eyebrow elementor-widget elementor-widget-text-editor\" data-id=\"t3e8607\" data-element_type=\"widget\" data-e-type=\"widget\" data-widget_type=\"text-editor.default\">\n\t\t\t\t\t\t\t\t\tOSTEOPAT\u00cdA INTEGRAL\t\t\t\t\t\t\t\t<\/div>\n\t\t\t\t<div class=\"elementor-element elementor-element-h278a60 navia-hero-title elementor-widget elementor-widget-heading\" data-id=\"h278a60\" data-element_type=\"widget\" data-e-type=\"widget\" data-widget_type=\"heading.default\">\n\t\t\t\t\t<h1 class=\"elementor-heading-title elementor-size-default\">Osteopat\u00eda para aliviar tensiones, recuperar movilidad y sentirte mejor<\/h1>\t\t\t\t<\/div>\n\t\t\t\t<div class=\"elementor-element elementor-element-t15e34a navia-kicker elementor-widget elementor-widget-text-editor\" data-id=\"t15e34a\" data-element_type=\"widget\" data-e-type=\"widget\" data-widget_type=\"text-editor.default\">\n\t\t\t\t\t\t\t\t\tAcompa\u00f1o procesos de dolor, tensi\u00f3n y malestar corporal desde una mirada integral. El objetivo es comprender no solo el s\u00edntoma, sino tambi\u00e9n c\u00f3mo se organiza y adapta el cuerpo en cada persona.\t\t\t\t\t\t\t\t<\/div>\n\t\t\t\t<div class=\"elementor-element elementor-element-b5ec328 elementor-align-left elementor-widget elementor-widget-button\" data-id=\"b5ec328\" data-element_type=\"widget\" data-e-type=\"widget\" data-widget_type=\"button.default\">\n\t\t\t\t\t\t\t\t\t\t<a class=\"elementor-button elementor-button-link elementor-size-sm\" href=\"#contacto\">\n\t\t\t\t\t\t<span class=\"elementor-button-content-wrapper\">\n\t\t\t\t\t\t\t\t\t<span class=\"elementor-button-text\">Solicitar turno<\/span>\n\t\t\t\t\t<\/span>\n\t\t\t\t\t<\/a>\n\t\t\t\t\t\t\t\t<\/div>\n\t\t\t\t\t<\/div>\n\t\t<\/div>\n\t\t\t\t<div class=\"elementor-column elementor-col-45 elementor-top-column elementor-element elementor-element-cbc5909\" data-id=\"cbc5909\" data-element_type=\"column\" data-e-type=\"column\">\n\t\t\t<div class=\"elementor-widget-wrap elementor-element-populated\">\n\t\t\t\t\t\t<div class=\"elementor-element elementor-element-i6ff18d navia-hero-media elementor-widget elementor-widget-image\" data-id=\"i6ff18d\" data-element_type=\"widget\" data-e-type=\"widget\" data-widget_type=\"image.default\">\n\t\t\t\t\t\t\t\t\t\t\t\t\t\t\t<img fetchpriority=\"high\" decoding=\"async\" width=\"683\" height=\"1024\" src=\"http:\/\/osteopatianavia.com\/wp-content\/uploads\/2026\/05\/hero-683x1024.jpg\" class=\"attachment-large size-large wp-image-17\" alt=\"\" srcset=\"http:\/\/osteopatianavia.com\/wp-content\/uploads\/2026\/05\/hero-683x1024.jpg 683w, http:\/\/osteopatianavia.com\/wp-content\/uploads\/2026\/05\/hero-200x300.jpg 200w, http:\/\/osteopatianavia.com\/wp-content\/uploads\/2026\/05\/hero-768x1152.jpg 768w, http:\/\/osteopatianavia.com\/wp-content\/uploads\/2026\/05\/hero-1024x1536.jpg 1024w, http:\/\/osteopatianavia.com\/wp-content\/uploads\/2026\/05\/hero.jpg 1365w\" sizes=\"(max-width: 683px) 100vw, 683px\" \/>\t\t\t\t\t\t\t\t\t\t\t\t\t\t\t<\/div>\n\t\t\t\t\t<\/div>\n\t\t<\/div>\n\t\t\t\t\t<\/div>\n\t\t<\/section>\n\t\t\t\t<section class=\"elementor-section elementor-top-section elementor-element elementor-element-s11c669 elementor-section-boxed elementor-section-height-default elementor-section-height-default\" data-id=\"s11c669\" data-element_type=\"section\" data-e-type=\"section\" id=\"sobre-mi\">\n\t\t\t\t\t\t<div class=\"elementor-container elementor-column-gap-default\">\n\t\t\t\t\t<div class=\"elementor-column elementor-col-45 elementor-top-column elementor-element elementor-element-c4e9935\" data-id=\"c4e9935\" data-element_type=\"column\" data-e-type=\"column\">\n\t\t\t<div class=\"elementor-widget-wrap elementor-element-populated\">\n\t\t\t\t\t\t<div class=\"elementor-element elementor-element-i73b561 navia-img-soft elementor-widget elementor-widget-image\" data-id=\"i73b561\" data-element_type=\"widget\" data-e-type=\"widget\" data-widget_type=\"image.default\">\n\t\t\t\t\t\t\t\t\t\t\t\t\t\t\t<img decoding=\"async\" width=\"1707\" height=\"1775\" src=\"http:\/\/osteopatianavia.com\/wp-content\/uploads\/2026\/05\/HENRY_FEB_25_0423-scaled-e1778731314809.jpg\" class=\"attachment-full size-full wp-image-29\" alt=\"\" srcset=\"http:\/\/osteopatianavia.com\/wp-content\/uploads\/2026\/05\/HENRY_FEB_25_0423-scaled-e1778731314809.jpg 1707w, http:\/\/osteopatianavia.com\/wp-content\/uploads\/2026\/05\/HENRY_FEB_25_0423-scaled-e1778731314809-289x300.jpg 289w, http:\/\/osteopatianavia.com\/wp-content\/uploads\/2026\/05\/HENRY_FEB_25_0423-scaled-e1778731314809-985x1024.jpg 985w, http:\/\/osteopatianavia.com\/wp-content\/uploads\/2026\/05\/HENRY_FEB_25_0423-scaled-e1778731314809-768x799.jpg 768w, http:\/\/osteopatianavia.com\/wp-content\/uploads\/2026\/05\/HENRY_FEB_25_0423-scaled-e1778731314809-1477x1536.jpg 1477w\" sizes=\"(max-width: 1707px) 100vw, 1707px\" \/>\t\t\t\t\t\t\t\t\t\t\t\t\t\t\t<\/div>\n\t\t\t\t\t<\/div>\n\t\t<\/div>\n\t\t\t\t<div class=\"elementor-column elementor-col-55 elementor-top-column elementor-element elementor-element-c06705e\" data-id=\"c06705e\" data-element_type=\"column\" data-e-type=\"column\">\n\t\t\t<div class=\"elementor-widget-wrap elementor-element-populated\">\n\t\t\t\t\t\t<div class=\"elementor-element elementor-element-t44f5b4 navia-eyebrow elementor-widget elementor-widget-text-editor\" data-id=\"t44f5b4\" data-element_type=\"widget\" data-e-type=\"widget\" data-widget_type=\"text-editor.default\">\n\t\t\t\t\t\t\t\t\tSOBRE M\u00cd\t\t\t\t\t\t\t\t<\/div>\n\t\t\t\t<div class=\"elementor-element elementor-element-h02c8c2 navia-section-title elementor-widget elementor-widget-heading\" data-id=\"h02c8c2\" data-element_type=\"widget\" data-e-type=\"widget\" data-widget_type=\"heading.default\">\n\t\t\t\t\t<h2 class=\"elementor-heading-title elementor-size-default\">Una mirada integral del cuerpo y su historia.<\/h2>\t\t\t\t<\/div>\n\t\t\t\t<div class=\"elementor-element elementor-element-ta3d78e navia-kicker elementor-widget elementor-widget-text-editor\" data-id=\"ta3d78e\" data-element_type=\"widget\" data-e-type=\"widget\" data-widget_type=\"text-editor.default\">\n\t\t\t\t\t\t\t\t\tSoy Licenciado en Kinesiolog\u00eda y Fisiatr\u00eda, con m\u00e1s de 20 a\u00f1os de experiencia acompa\u00f1ando a personas en la recuperaci\u00f3n de su bienestar, su movilidad y su calidad de vida.\t\t\t\t\t\t\t\t<\/div>\n\t\t\t\t<div class=\"elementor-element elementor-element-t76b848 navia-body elementor-widget elementor-widget-text-editor\" data-id=\"t76b848\" data-element_type=\"widget\" data-e-type=\"widget\" data-widget_type=\"text-editor.default\">\n\t\t\t\t\t\t\t\t\t<p>Mi formaci\u00f3n en osteopat\u00eda y terapias manuales me permite abordar cada consulta desde una mirada integral, entendiendo que el s\u00edntoma no se observa de forma aislada, sino en relaci\u00f3n con la historia, los h\u00e1bitos, las tensiones y las necesidades de cada paciente.<\/p>\t\t\t\t\t\t\t\t<\/div>\n\t\t\t\t\t<\/div>\n\t\t<\/div>\n\t\t\t\t\t<\/div>\n\t\t<\/section>\n\t\t\t\t<section class=\"elementor-section elementor-top-section elementor-element elementor-element-sc41de8 elementor-section-boxed elementor-section-height-default elementor-section-height-default\" data-id=\"sc41de8\" data-element_type=\"section\" data-e-type=\"section\" data-settings=\"{&quot;background_background&quot;:&quot;classic&quot;}\">\n\t\t\t\t\t\t<div class=\"elementor-container elementor-column-gap-default\">\n\t\t\t\t\t<div class=\"elementor-column elementor-col-100 elementor-top-column elementor-element elementor-element-c6133db\" data-id=\"c6133db\" data-element_type=\"column\" data-e-type=\"column\">\n\t\t\t<div class=\"elementor-widget-wrap elementor-element-populated\">\n\t\t\t\t\t\t<div class=\"elementor-element elementor-element-hbd490c navia-quote elementor-widget elementor-widget-heading\" data-id=\"hbd490c\" data-element_type=\"widget\" data-e-type=\"widget\" data-widget_type=\"heading.default\">\n\t\t\t\t\t<h2 class=\"elementor-heading-title elementor-size-default\">\u201cEl cuerpo es nuestro medio general para tener un mundo.\u201d<\/h2>\t\t\t\t<\/div>\n\t\t\t\t<div class=\"elementor-element elementor-element-t4bab22 navia-body elementor-widget elementor-widget-text-editor\" data-id=\"t4bab22\" data-element_type=\"widget\" data-e-type=\"widget\" data-widget_type=\"text-editor.default\">\n\t\t\t\t\t\t\t\t\t<p style=\"text-align: center;\">\u2014 Maurice Merleau-Ponty<\/p>\t\t\t\t\t\t\t\t<\/div>\n\t\t\t\t\t<\/div>\n\t\t<\/div>\n\t\t\t\t\t<\/div>\n\t\t<\/section>\n\t\t\t\t<section class=\"elementor-section elementor-top-section elementor-element elementor-element-sa820bc elementor-section-boxed elementor-section-height-default elementor-section-height-default\" data-id=\"sa820bc\" data-element_type=\"section\" data-e-type=\"section\" id=\"consultas\">\n\t\t\t\t\t\t<div class=\"elementor-container elementor-column-gap-default\">\n\t\t\t\t\t<div class=\"elementor-column elementor-col-100 elementor-top-column elementor-element elementor-element-c2e8707\" data-id=\"c2e8707\" data-element_type=\"column\" data-e-type=\"column\">\n\t\t\t<div class=\"elementor-widget-wrap elementor-element-populated\">\n\t\t\t\t\t\t<div class=\"elementor-element elementor-element-t99c6c7 navia-eyebrow elementor-widget elementor-widget-text-editor\" data-id=\"t99c6c7\" data-element_type=\"widget\" data-e-type=\"widget\" data-widget_type=\"text-editor.default\">\n\t\t\t\t\t\t\t\t\tCU\u00c1NDO CONSULTAR\t\t\t\t\t\t\t\t<\/div>\n\t\t\t\t<div class=\"elementor-element elementor-element-h10e9a3 navia-section-title elementor-widget elementor-widget-heading\" data-id=\"h10e9a3\" data-element_type=\"widget\" data-e-type=\"widget\" data-widget_type=\"heading.default\">\n\t\t\t\t\t<h2 class=\"elementor-heading-title elementor-size-default\">Cuando el cuerpo empieza a pedir atenci\u00f3n.<\/h2>\t\t\t\t<\/div>\n\t\t\t\t<div class=\"elementor-element elementor-element-te06e6f navia-kicker navia-consult-copy elementor-widget elementor-widget-text-editor\" data-id=\"te06e6f\" data-element_type=\"widget\" data-e-type=\"widget\" data-widget_type=\"text-editor.default\">\n\t\t\t\t\t\t\t\t\tNo hace falta esperar a que el dolor sea intenso. A veces una tensi\u00f3n, una rigidez o una molestia repetida ya son se\u00f1ales suficientes para consultar.\t\t\t\t\t\t\t\t<\/div>\n\t\t\t\t<div class=\"elementor-element elementor-element-tfc8509 navia-consult-shell elementor-widget elementor-widget-text-editor\" data-id=\"tfc8509\" data-element_type=\"widget\" data-e-type=\"widget\" data-widget_type=\"text-editor.default\">\n\t\t\t\t\t\t\t\t\t<div class=\"navia-consult-grid\"><article class=\"navia-consult-item\"><span class=\"navia-consult-num\">01<\/span><h3>Dolores cervicales, dorsales o lumbares<\/h3><\/article><article class=\"navia-consult-item\"><span class=\"navia-consult-num\">02<\/span><h3>Contracturas, rigidez y tensi\u00f3n muscular<\/h3><\/article><article class=\"navia-consult-item\"><span class=\"navia-consult-num\">03<\/span><h3>Dolores de cabeza, migra\u00f1as o mareos funcionales<\/h3><\/article><article class=\"navia-consult-item\"><span class=\"navia-consult-num\">04<\/span><h3>Bruxismo y molestias mandibulares<\/h3><\/article><article class=\"navia-consult-item\"><span class=\"navia-consult-num\">05<\/span><h3>Dolores articulares: hombro, cadera, rodilla o pie<\/h3><\/article><article class=\"navia-consult-item\"><span class=\"navia-consult-num\">06<\/span><h3>Hernias de disco y molestias asociadas a la columna<\/h3><\/article><article class=\"navia-consult-item\"><span class=\"navia-consult-num\">07<\/span><h3>Sobrecargas posturales, laborales o deportivas<\/h3><\/article><article class=\"navia-consult-item\"><span class=\"navia-consult-num\">08<\/span><h3>Estr\u00e9s, cansancio corporal o necesidad de recuperar bienestar<\/h3><\/article><\/div><div class=\"navia-consult-note\"><p>La consulta no empieza cuando el dolor domina. Empieza cuando aparece una se\u00f1al: una tensi\u00f3n persistente, una movilidad que cambia, un cuerpo que pide ser escuchado.<\/p><span>\u2192<\/span><\/div>\t\t\t\t\t\t\t\t<\/div>\n\t\t\t\t\t<\/div>\n\t\t<\/div>\n\t\t\t\t\t<\/div>\n\t\t<\/section>\n\t\t\t\t<section class=\"elementor-section elementor-top-section elementor-element elementor-element-s63ce55 elementor-section-boxed elementor-section-height-default elementor-section-height-default\" data-id=\"s63ce55\" data-element_type=\"section\" data-e-type=\"section\" id=\"formacion\" data-settings=\"{&quot;background_background&quot;:&quot;classic&quot;}\">\n\t\t\t\t\t\t<div class=\"elementor-container elementor-column-gap-default\">\n\t\t\t\t\t<div class=\"elementor-column elementor-col-52 elementor-top-column elementor-element elementor-element-c5c7cba\" data-id=\"c5c7cba\" data-element_type=\"column\" data-e-type=\"column\">\n\t\t\t<div class=\"elementor-widget-wrap elementor-element-populated\">\n\t\t\t\t\t\t<div class=\"elementor-element elementor-element-t85a51f navia-eyebrow elementor-widget elementor-widget-text-editor\" data-id=\"t85a51f\" data-element_type=\"widget\" data-e-type=\"widget\" data-widget_type=\"text-editor.default\">\n\t\t\t\t\t\t\t\t\tFORMACI\u00d3N PROFESIONAL\t\t\t\t\t\t\t\t<\/div>\n\t\t\t\t<div class=\"elementor-element elementor-element-h353132 navia-section-title elementor-widget elementor-widget-heading\" data-id=\"h353132\" data-element_type=\"widget\" data-e-type=\"widget\" data-widget_type=\"heading.default\">\n\t\t\t\t\t<h2 class=\"elementor-heading-title elementor-size-default\">Precisi\u00f3n cl\u00ednica, escucha y tratamiento manual personalizado.<\/h2>\t\t\t\t<\/div>\n\t\t\t\t<div class=\"elementor-element elementor-element-t409438 navia-kicker elementor-widget elementor-widget-text-editor\" data-id=\"t409438\" data-element_type=\"widget\" data-e-type=\"widget\" data-widget_type=\"text-editor.default\">\n\t\t\t\t\t\t\t\t\tSoy Licenciado en Kinesiolog\u00eda y Fisiatr\u00eda por la Universidad del Salvador, con formaci\u00f3n de posgrado en Osteopat\u00eda en el Instituto Universitario CEMIC.\t\t\t\t\t\t\t\t<\/div>\n\t\t\t\t<div class=\"elementor-element elementor-element-tf55a41 navia-body elementor-widget elementor-widget-text-editor\" data-id=\"tf55a41\" data-element_type=\"widget\" data-e-type=\"widget\" data-widget_type=\"text-editor.default\">\n\t\t\t\t\t\t\t\t\tMi recorrido integra herramientas de la osteopat\u00eda estructural, visceral y craneal, junto con formaciones complementarias en neurodinamia, anclaje miofascial, medicina tradicional china, drenaje linf\u00e1tico manual, facilitaci\u00f3n neuromuscular propioceptiva, Kinesio Taping, vendajes funcionales y medicina del deporte.\t\t\t\t\t\t\t\t<\/div>\n\t\t\t\t<div class=\"elementor-element elementor-element-be90dae elementor-align-left elementor-widget elementor-widget-button\" data-id=\"be90dae\" data-element_type=\"widget\" data-e-type=\"widget\" data-widget_type=\"button.default\">\n\t\t\t\t\t\t\t\t\t\t<a class=\"elementor-button elementor-button-link elementor-size-sm\" href=\"#contacto\">\n\t\t\t\t\t\t<span class=\"elementor-button-content-wrapper\">\n\t\t\t\t\t\t\t\t\t<span class=\"elementor-button-text\">Consultar<\/span>\n\t\t\t\t\t<\/span>\n\t\t\t\t\t<\/a>\n\t\t\t\t\t\t\t\t<\/div>\n\t\t\t\t\t<\/div>\n\t\t<\/div>\n\t\t\t\t<div class=\"elementor-column elementor-col-48 elementor-top-column elementor-element elementor-element-c8bab72\" data-id=\"c8bab72\" data-element_type=\"column\" data-e-type=\"column\">\n\t\t\t<div class=\"elementor-widget-wrap elementor-element-populated\">\n\t\t\t\t\t\t<div class=\"elementor-element elementor-element-i0ad087 navia-img-cover elementor-widget elementor-widget-image\" data-id=\"i0ad087\" data-element_type=\"widget\" data-e-type=\"widget\" data-widget_type=\"image.default\">\n\t\t\t\t\t\t\t\t\t\t\t\t\t\t\t<img decoding=\"async\" width=\"1608\" height=\"1365\" src=\"http:\/\/osteopatianavia.com\/wp-content\/uploads\/2026\/05\/about-e1778731444932.jpg\" class=\"attachment-full size-full wp-image-19\" alt=\"\" srcset=\"http:\/\/osteopatianavia.com\/wp-content\/uploads\/2026\/05\/about-e1778731444932.jpg 1608w, http:\/\/osteopatianavia.com\/wp-content\/uploads\/2026\/05\/about-e1778731444932-300x255.jpg 300w, http:\/\/osteopatianavia.com\/wp-content\/uploads\/2026\/05\/about-e1778731444932-1024x869.jpg 1024w, http:\/\/osteopatianavia.com\/wp-content\/uploads\/2026\/05\/about-e1778731444932-768x652.jpg 768w, http:\/\/osteopatianavia.com\/wp-content\/uploads\/2026\/05\/about-e1778731444932-1536x1304.jpg 1536w\" sizes=\"(max-width: 1608px) 100vw, 1608px\" \/>\t\t\t\t\t\t\t\t\t\t\t\t\t\t\t<\/div>\n\t\t\t\t\t<\/div>\n\t\t<\/div>\n\t\t\t\t\t<\/div>\n\t\t<\/section>\n\t\t\t\t<section class=\"elementor-section elementor-top-section elementor-element elementor-element-sb30dba elementor-section-boxed elementor-section-height-default elementor-section-height-default\" data-id=\"sb30dba\" data-element_type=\"section\" data-e-type=\"section\" id=\"faq\" data-settings=\"{&quot;background_background&quot;:&quot;classic&quot;}\">\n\t\t\t\t\t\t<div class=\"elementor-container elementor-column-gap-default\">\n\t\t\t\t\t<div class=\"elementor-column elementor-col-38 elementor-top-column elementor-element elementor-element-c36be73\" data-id=\"c36be73\" data-element_type=\"column\" data-e-type=\"column\">\n\t\t\t<div class=\"elementor-widget-wrap elementor-element-populated\">\n\t\t\t\t\t\t<div class=\"elementor-element elementor-element-t7483df navia-eyebrow elementor-widget elementor-widget-text-editor\" data-id=\"t7483df\" data-element_type=\"widget\" data-e-type=\"widget\" data-widget_type=\"text-editor.default\">\n\t\t\t\t\t\t\t\t\tPREGUNTAS FRECUENTES\t\t\t\t\t\t\t\t<\/div>\n\t\t\t\t<div class=\"elementor-element elementor-element-h49506e navia-section-title elementor-widget elementor-widget-heading\" data-id=\"h49506e\" data-element_type=\"widget\" data-e-type=\"widget\" data-widget_type=\"heading.default\">\n\t\t\t\t\t<h2 class=\"elementor-heading-title elementor-size-default\">Claridad antes de empezar.<\/h2>\t\t\t\t<\/div>\n\t\t\t\t\t<\/div>\n\t\t<\/div>\n\t\t\t\t<div class=\"elementor-column elementor-col-62 elementor-top-column elementor-element elementor-element-c31c181\" data-id=\"c31c181\" data-element_type=\"column\" data-e-type=\"column\">\n\t\t\t<div class=\"elementor-widget-wrap elementor-element-populated\">\n\t\t\t\t\t\t<div class=\"elementor-element elementor-element-t5c393e navia-body elementor-widget elementor-widget-text-editor\" data-id=\"t5c393e\" data-element_type=\"widget\" data-e-type=\"widget\" data-widget_type=\"text-editor.default\">\n\t\t\t\t\t\t\t\t\t<div class=\"navia-faq\"><p><strong>\u00bfQu\u00e9 es la osteopat\u00eda?<\/strong>La osteopat\u00eda es un abordaje manual que considera al cuerpo como una unidad. A trav\u00e9s de la evaluaci\u00f3n y el tratamiento manual, busca mejorar la movilidad, aliviar tensiones y acompa\u00f1ar los procesos naturales de adaptaci\u00f3n y recuperaci\u00f3n del organismo.<\/p><p><strong>\u00bfLa sesi\u00f3n duele?<\/strong>Generalmente el tratamiento es suave y se adapta a la sensibilidad de cada persona. Algunas t\u00e9cnicas pueden generar una molestia leve o sensaci\u00f3n de trabajo sobre los tejidos, pero el objetivo no es provocar dolor.<\/p><p><strong>\u00bfCu\u00e1nto dura una sesi\u00f3n?<\/strong>Las sesiones tienen una duraci\u00f3n aproximada de 1 hora. Ese tiempo permite evaluar, conversar sobre el motivo de consulta y trabajar manualmente de forma cuidadosa.<\/p><p><strong>\u00bfPuedo combinar la osteopat\u00eda con otros tratamientos m\u00e9dicos?<\/strong>S\u00ed. La osteopat\u00eda puede acompa\u00f1ar otros tratamientos m\u00e9dicos, kin\u00e9sicos o terap\u00e9uticos. No reemplaza controles m\u00e9dicos ni tratamientos indicados.<\/p><\/div>\t\t\t\t\t\t\t\t<\/div>\n\t\t\t\t\t<\/div>\n\t\t<\/div>\n\t\t\t\t\t<\/div>\n\t\t<\/section>\n\t\t\t\t<section class=\"elementor-section elementor-top-section elementor-element elementor-element-s06dfd0 elementor-section-boxed elementor-section-height-default elementor-section-height-default\" data-id=\"s06dfd0\" data-element_type=\"section\" data-e-type=\"section\" id=\"contacto\">\n\t\t\t\t\t\t<div class=\"elementor-container elementor-column-gap-default\">\n\t\t\t\t\t<div class=\"elementor-column elementor-col-47 elementor-top-column elementor-element elementor-element-c7ad607\" data-id=\"c7ad607\" data-element_type=\"column\" data-e-type=\"column\">\n\t\t\t<div class=\"elementor-widget-wrap elementor-element-populated\">\n\t\t\t\t\t\t<div class=\"elementor-element elementor-element-tfe295f navia-eyebrow elementor-widget elementor-widget-text-editor\" data-id=\"tfe295f\" data-element_type=\"widget\" data-e-type=\"widget\" data-widget_type=\"text-editor.default\">\n\t\t\t\t\t\t\t\t\tTURNOS Y CONTACTO\t\t\t\t\t\t\t\t<\/div>\n\t\t\t\t<div class=\"elementor-element elementor-element-h852c6d navia-section-title elementor-widget elementor-widget-heading\" data-id=\"h852c6d\" data-element_type=\"widget\" data-e-type=\"widget\" data-widget_type=\"heading.default\">\n\t\t\t\t\t<h2 class=\"elementor-heading-title elementor-size-default\">Un espacio para volver a sentirte mejor.<\/h2>\t\t\t\t<\/div>\n\t\t\t\t<div class=\"elementor-element elementor-element-te85a87 navia-kicker elementor-widget elementor-widget-text-editor\" data-id=\"te85a87\" data-element_type=\"widget\" data-e-type=\"widget\" data-widget_type=\"text-editor.default\">\n\t\t\t\t\t\t\t\t\tRodr\u00edguez Pe\u00f1a 507, C1019 Ciudad Aut\u00f3noma de Buenos Aires.\t\t\t\t\t\t\t\t<\/div>\n\t\t\t\t<div class=\"elementor-element elementor-element-b7e1010 elementor-align-left elementor-widget__width-initial elementor-widget elementor-widget-button\" data-id=\"b7e1010\" data-element_type=\"widget\" data-e-type=\"widget\" data-widget_type=\"button.default\">\n\t\t\t\t\t\t\t\t\t\t<a class=\"elementor-button elementor-button-link elementor-size-sm\" href=\"https:\/\/wa.me\/\">\n\t\t\t\t\t\t<span class=\"elementor-button-content-wrapper\">\n\t\t\t\t\t\t\t\t\t<span class=\"elementor-button-text\">WhatsApp<\/span>\n\t\t\t\t\t<\/span>\n\t\t\t\t\t<\/a>\n\t\t\t\t\t\t\t\t<\/div>\n\t\t\t\t<div class=\"elementor-element elementor-element-bcb5e58 elementor-align-left elementor-widget__width-initial elementor-widget elementor-widget-button\" data-id=\"bcb5e58\" data-element_type=\"widget\" data-e-type=\"widget\" data-widget_type=\"button.default\">\n\t\t\t\t\t\t\t\t\t\t<a class=\"elementor-button elementor-button-link elementor-size-sm\" href=\"#\">\n\t\t\t\t\t\t<span class=\"elementor-button-content-wrapper\">\n\t\t\t\t\t\t\t\t\t<span class=\"elementor-button-text\">Instagram<\/span>\n\t\t\t\t\t<\/span>\n\t\t\t\t\t<\/a>\n\t\t\t\t\t\t\t\t<\/div>\n\t\t\t\t<div class=\"elementor-element elementor-element-b0a91bd elementor-align-left elementor-widget__width-initial elementor-widget elementor-widget-button\" data-id=\"b0a91bd\" data-element_type=\"widget\" data-e-type=\"widget\" data-widget_type=\"button.default\">\n\t\t\t\t\t\t\t\t\t\t<a class=\"elementor-button elementor-button-link elementor-size-sm\" href=\"#\">\n\t\t\t\t\t\t<span class=\"elementor-button-content-wrapper\">\n\t\t\t\t\t\t\t\t\t<span class=\"elementor-button-text\">Ubicaci\u00f3n<\/span>\n\t\t\t\t\t<\/span>\n\t\t\t\t\t<\/a>\n\t\t\t\t\t\t\t\t<\/div>\n\t\t\t\t\t<\/div>\n\t\t<\/div>\n\t\t\t\t<div class=\"elementor-column elementor-col-53 elementor-top-column elementor-element elementor-element-c8c53b9\" data-id=\"c8c53b9\" data-element_type=\"column\" data-e-type=\"column\">\n\t\t\t<div class=\"elementor-widget-wrap elementor-element-populated\">\n\t\t\t\t\t\t<div class=\"elementor-element elementor-element-ib46330 navia-img-soft elementor-widget elementor-widget-image\" data-id=\"ib46330\" data-element_type=\"widget\" data-e-type=\"widget\" data-widget_type=\"image.default\">\n\t\t\t\t\t\t\t\t\t\t\t\t\t\t\t<img loading=\"lazy\" decoding=\"async\" width=\"1024\" height=\"683\" src=\"http:\/\/osteopatianavia.com\/wp-content\/uploads\/2026\/05\/contact-1024x683.jpg\" class=\"attachment-large size-large wp-image-20\" alt=\"\" srcset=\"http:\/\/osteopatianavia.com\/wp-content\/uploads\/2026\/05\/contact-1024x683.jpg 1024w, http:\/\/osteopatianavia.com\/wp-content\/uploads\/2026\/05\/contact-300x200.jpg 300w, http:\/\/osteopatianavia.com\/wp-content\/uploads\/2026\/05\/contact-768x512.jpg 768w, http:\/\/osteopatianavia.com\/wp-content\/uploads\/2026\/05\/contact-1536x1024.jpg 1536w, http:\/\/osteopatianavia.com\/wp-content\/uploads\/2026\/05\/contact.jpg 2048w\" sizes=\"(max-width: 1024px) 100vw, 1024px\" \/>\t\t\t\t\t\t\t\t\t\t\t\t\t\t\t<\/div>\n\t\t\t\t\t<\/div>\n\t\t<\/div>\n\t\t\t\t\t<\/div>\n\t\t<\/section>\n\t\t\t\t<\/div>\n\t\t","protected":false},"excerpt":{"rendered":"<p>OSTEOPAT\u00cdA INTEGRAL Osteopat\u00eda para aliviar tensiones, recuperar movilidad y sentirte mejor Acompa\u00f1o procesos de dolor, tensi\u00f3n y malestar corporal desde una mirada integral. El objetivo es comprender no solo el s\u00edntoma, sino tambi\u00e9n c\u00f3mo se organiza y adapta el cuerpo en cada persona. Solicitar turno SOBRE M\u00cd Una mirada integral del cuerpo y su historia. [&hellip;]<\/p>\n","protected":false},"author":1,"featured_media":0,"parent":0,"menu_order":0,"comment_status":"closed","ping_status":"closed","template":"elementor_header_footer","meta":{"footnotes":""},"class_list":["post-21","page","type-page","status-publish","hentry"],"_links":{"self":[{"href":"https:\/\/osteopatianavia.com\/index.php\/wp-json\/wp\/v2\/pages\/21","targetHints":{"allow":["GET"]}}],"collection":[{"href":"https:\/\/osteopatianavia.com\/index.php\/wp-json\/wp\/v2\/pages"}],"about":[{"href":"https:\/\/osteopatianavia.com\/index.php\/wp-json\/wp\/v2\/types\/page"}],"author":[{"embeddable":true,"href":"https:\/\/osteopatianavia.com\/index.php\/wp-json\/wp\/v2\/users\/1"}],"replies":[{"embeddable":true,"href":"https:\/\/osteopatianavia.com\/index.php\/wp-json\/wp\/v2\/comments?post=21"}],"version-history":[{"count":19,"href":"https:\/\/osteopatianavia.com\/index.php\/wp-json\/wp\/v2\/pages\/21\/revisions"}],"predecessor-version":[{"id":56,"href":"https:\/\/osteopatianavia.com\/index.php\/wp-json\/wp\/v2\/pages\/21\/revisions\/56"}],"wp:attachment":[{"href":"https:\/\/osteopatianavia.com\/index.php\/wp-json\/wp\/v2\/media?parent=21"}],"curies":[{"name":"wp","href":"https:\/\/api.w.org\/{rel}","templated":true}]}}